{"id":1356,"date":"2017-04-21T22:58:45","date_gmt":"2017-04-22T02:58:45","guid":{"rendered":"http:\/\/gpstartersites.com\/catalyst\/?page_id=7"},"modified":"2020-06-27T22:13:11","modified_gmt":"2020-06-27T20:13:11","slug":"home","status":"publish","type":"page","link":"https:\/\/tubeapps.net\/de\/","title":{"rendered":"Home"},"content":{"rendered":"\t\t<div data-elementor-type=\"wp-page\" data-elementor-id=\"1356\" class=\"elementor elementor-1356\">\n\t\t\t\t\t\t<section class=\"elementor-section elementor-top-section elementor-element elementor-element-6abf1be elementor-section-boxed elementor-section-height-default elementor-section-height-default\" data-id=\"6abf1be\" data-element_type=\"section\">\n\t\t\t\t\t\t<div class=\"elementor-container elementor-column-gap-default\">\n\t\t\t\t\t<div class=\"elementor-column elementor-col-100 elementor-top-column elementor-element elementor-element-cb864f9\" data-id=\"cb864f9\" data-element_type=\"column\">\n\t\t\t<div class=\"elementor-widget-wrap elementor-element-populated\">\n\t\t\t\t\t\t<div class=\"elementor-element elementor-element-61808d1 elementor-widget elementor-widget-text-editor\" data-id=\"61808d1\" data-element_type=\"widget\" data-widget_type=\"text-editor.default\">\n\t\t\t\t<div class=\"elementor-widget-container\">\n\t\t\t\t\t\t\t<h2>Wir sind ihr verl\u00e4sslicher Partner f\u00fcr individuelle softwarel\u00f6sungen.<\/h2>\t\t\t\t\t\t<\/div>\n\t\t\t\t<\/div>\n\t\t\t\t\t<\/div>\n\t\t<\/div>\n\t\t\t\t\t<\/div>\n\t\t<\/section>\n\t\t\t\t<section class=\"elementor-section elementor-top-section elementor-element elementor-element-cabf27c elementor-section-boxed elementor-section-height-default elementor-section-height-default\" data-id=\"cabf27c\" data-element_type=\"section\">\n\t\t\t\t\t\t<div class=\"elementor-container elementor-column-gap-wider\">\n\t\t\t\t\t<div class=\"elementor-column elementor-col-33 elementor-top-column elementor-element elementor-element-debdb04\" data-id=\"debdb04\" data-element_type=\"column\">\n\t\t\t<div class=\"elementor-widget-wrap elementor-element-populated\">\n\t\t\t\t\t\t<div class=\"elementor-element elementor-element-f29bff8 elementor-widget elementor-widget-image\" data-id=\"f29bff8\" data-element_type=\"widget\" data-widget_type=\"image.default\">\n\t\t\t\t<div class=\"elementor-widget-container\">\n\t\t\t\t\t\t\t\t\t\t\t\t\t<img fetchpriority=\"high\" decoding=\"async\" width=\"800\" height=\"530\" src=\"https:\/\/tubeapps.net\/wp-content\/uploads\/2020\/04\/Prototyping.jpg\" class=\"attachment-large size-large wp-image-1809\" alt=\"\" srcset=\"https:\/\/tubeapps.net\/wp-content\/uploads\/2020\/04\/Prototyping.jpg 800w, https:\/\/tubeapps.net\/wp-content\/uploads\/2020\/04\/Prototyping-300x199.jpg 300w, https:\/\/tubeapps.net\/wp-content\/uploads\/2020\/04\/Prototyping-768x509.jpg 768w\" sizes=\"(max-width: 800px) 100vw, 800px\" \/>\t\t\t\t\t\t\t\t\t\t\t\t\t<\/div>\n\t\t\t\t<\/div>\n\t\t\t\t<div class=\"elementor-element elementor-element-e1299f5 elementor-widget elementor-widget-text-editor\" data-id=\"e1299f5\" data-element_type=\"widget\" data-widget_type=\"text-editor.default\">\n\t\t\t\t<div class=\"elementor-widget-container\">\n\t\t\t\t\t\t\t<h2>KONZEPTIONIERUNG<\/h2>\n<p>Sie haben eine neue Anforderung &#8211; gemeinsam mit Ihnen machen wir uns an die Erarbeitung der L\u00f6sung. Wir erstellen f\u00fcr Sie ein ma\u00dfgeschneidertes Konzept und planen transparent den Entwicklungsprozess.<\/p>\t\t\t\t\t\t<\/div>\n\t\t\t\t<\/div>\n\t\t\t\t\t<\/div>\n\t\t<\/div>\n\t\t\t\t<div class=\"elementor-column elementor-col-33 elementor-top-column elementor-element elementor-element-f610f05\" data-id=\"f610f05\" data-element_type=\"column\">\n\t\t\t<div class=\"elementor-widget-wrap elementor-element-populated\">\n\t\t\t\t\t\t<div class=\"elementor-element elementor-element-8fb7c79 elementor-widget elementor-widget-image\" data-id=\"8fb7c79\" data-element_type=\"widget\" data-widget_type=\"image.default\">\n\t\t\t\t<div class=\"elementor-widget-container\">\n\t\t\t\t\t\t\t\t\t\t\t\t\t<img decoding=\"async\" width=\"800\" height=\"530\" src=\"https:\/\/tubeapps.net\/wp-content\/uploads\/2020\/04\/Coding.jpg\" class=\"attachment-large size-large wp-image-1807\" alt=\"\" srcset=\"https:\/\/tubeapps.net\/wp-content\/uploads\/2020\/04\/Coding.jpg 800w, https:\/\/tubeapps.net\/wp-content\/uploads\/2020\/04\/Coding-300x199.jpg 300w, https:\/\/tubeapps.net\/wp-content\/uploads\/2020\/04\/Coding-768x509.jpg 768w\" sizes=\"(max-width: 800px) 100vw, 800px\" \/>\t\t\t\t\t\t\t\t\t\t\t\t\t<\/div>\n\t\t\t\t<\/div>\n\t\t\t\t<div class=\"elementor-element elementor-element-b41eafa elementor-widget elementor-widget-text-editor\" data-id=\"b41eafa\" data-element_type=\"widget\" data-widget_type=\"text-editor.default\">\n\t\t\t\t<div class=\"elementor-widget-container\">\n\t\t\t\t\t\t\t<h2>PROGRAMMIERUNG<\/h2><p>Im Anschluss\u00a0 \u00fcbernehmen wir die vollst\u00e4ndige Umsetzung aus einer Hand. Profitieren Sie von unserer langj\u00e4hrigen Erfahrung in der Programmierung unterschiedlichster Anwendungen.<\/p>\t\t\t\t\t\t<\/div>\n\t\t\t\t<\/div>\n\t\t\t\t\t<\/div>\n\t\t<\/div>\n\t\t\t\t<div class=\"elementor-column elementor-col-33 elementor-top-column elementor-element elementor-element-bbf76f8\" data-id=\"bbf76f8\" data-element_type=\"column\">\n\t\t\t<div class=\"elementor-widget-wrap elementor-element-populated\">\n\t\t\t\t\t\t<div class=\"elementor-element elementor-element-79d7c31 elementor-widget elementor-widget-image\" data-id=\"79d7c31\" data-element_type=\"widget\" data-widget_type=\"image.default\">\n\t\t\t\t<div class=\"elementor-widget-container\">\n\t\t\t\t\t\t\t\t\t\t\t\t\t<img decoding=\"async\" width=\"800\" height=\"530\" src=\"https:\/\/tubeapps.net\/wp-content\/uploads\/2020\/04\/Support.jpg\" class=\"attachment-large size-large wp-image-1811\" alt=\"\" srcset=\"https:\/\/tubeapps.net\/wp-content\/uploads\/2020\/04\/Support.jpg 800w, https:\/\/tubeapps.net\/wp-content\/uploads\/2020\/04\/Support-300x199.jpg 300w, https:\/\/tubeapps.net\/wp-content\/uploads\/2020\/04\/Support-768x509.jpg 768w\" sizes=\"(max-width: 800px) 100vw, 800px\" \/>\t\t\t\t\t\t\t\t\t\t\t\t\t<\/div>\n\t\t\t\t<\/div>\n\t\t\t\t<div class=\"elementor-element elementor-element-6aa8e97 elementor-widget elementor-widget-text-editor\" data-id=\"6aa8e97\" data-element_type=\"widget\" data-widget_type=\"text-editor.default\">\n\t\t\t\t<div class=\"elementor-widget-container\">\n\t\t\t\t\t\t\t<h2>UNTERST\u00dcTZUNG<\/h2><p>Wir m\u00f6chten, dass unsere Kunden langfristig zufrieden sind und erfolgreich mit unseren Apps arbeiten. Daher gibt es bei uns auch den sp\u00e4teren Support direkt von unseren Entwicklern.<\/p>\t\t\t\t\t\t<\/div>\n\t\t\t\t<\/div>\n\t\t\t\t\t<\/div>\n\t\t<\/div>\n\t\t\t\t\t<\/div>\n\t\t<\/section>\n\t\t\t\t<section class=\"elementor-section elementor-top-section elementor-element elementor-element-c8be88d elementor-section-boxed elementor-section-height-default elementor-section-height-default\" data-id=\"c8be88d\" data-element_type=\"section\">\n\t\t\t\t\t\t<div class=\"elementor-container elementor-column-gap-default\">\n\t\t\t\t\t<div class=\"elementor-column elementor-col-100 elementor-top-column elementor-element elementor-element-c2ecc68\" data-id=\"c2ecc68\" data-element_type=\"column\">\n\t\t\t<div class=\"elementor-widget-wrap elementor-element-populated\">\n\t\t\t\t\t\t<div class=\"elementor-element elementor-element-a30b298 elementor-widget elementor-widget-text-editor\" data-id=\"a30b298\" data-element_type=\"widget\" data-widget_type=\"text-editor.default\">\n\t\t\t\t<div class=\"elementor-widget-container\">\n\t\t\t\t\t\t\t<h2>Lassen Sie uns gemeinsam an l\u00f6sungen arbeiten<\/h2>\t\t\t\t\t\t<\/div>\n\t\t\t\t<\/div>\n\t\t\t\t\t<\/div>\n\t\t<\/div>\n\t\t\t\t\t<\/div>\n\t\t<\/section>\n\t\t\t\t<section class=\"elementor-section elementor-top-section elementor-element elementor-element-aa13f71 elementor-section-full_width elementor-section-height-default elementor-section-height-default\" data-id=\"aa13f71\" data-element_type=\"section\">\n\t\t\t\t\t\t<div class=\"elementor-container elementor-column-gap-wider\">\n\t\t\t\t\t<div class=\"elementor-column elementor-col-33 elementor-top-column elementor-element elementor-element-9dfbd0d\" data-id=\"9dfbd0d\" data-element_type=\"column\">\n\t\t\t<div class=\"elementor-widget-wrap elementor-element-populated\">\n\t\t\t\t\t\t<div class=\"elementor-element elementor-element-af5a62b elementor-view-default elementor-widget elementor-widget-icon\" data-id=\"af5a62b\" data-element_type=\"widget\" data-widget_type=\"icon.default\">\n\t\t\t\t<div class=\"elementor-widget-container\">\n\t\t\t\t\t<div class=\"elementor-icon-wrapper\">\n\t\t\t<div class=\"elementor-icon\">\n\t\t\t<i aria-hidden=\"true\" class=\"fas fa-user-shield\"><\/i>\t\t\t<\/div>\n\t\t<\/div>\n\t\t\t\t<\/div>\n\t\t\t\t<\/div>\n\t\t\t\t<div class=\"elementor-element elementor-element-74eb991 elementor-widget elementor-widget-text-editor\" data-id=\"74eb991\" data-element_type=\"widget\" data-widget_type=\"text-editor.default\">\n\t\t\t\t<div class=\"elementor-widget-container\">\n\t\t\t\t\t\t\t<p>Die Sicherheit Ihrer Kunden ist zentral. Datenschutz und Datensicherheit sind bei der Entwicklung von Apps daher stets in unserem Fokus.<\/p>\t\t\t\t\t\t<\/div>\n\t\t\t\t<\/div>\n\t\t\t\t\t<\/div>\n\t\t<\/div>\n\t\t\t\t<div class=\"elementor-column elementor-col-33 elementor-top-column elementor-element elementor-element-566ad78\" data-id=\"566ad78\" data-element_type=\"column\">\n\t\t\t<div class=\"elementor-widget-wrap elementor-element-populated\">\n\t\t\t\t\t\t<div class=\"elementor-element elementor-element-f365d71 elementor-view-default elementor-widget elementor-widget-icon\" data-id=\"f365d71\" data-element_type=\"widget\" data-widget_type=\"icon.default\">\n\t\t\t\t<div class=\"elementor-widget-container\">\n\t\t\t\t\t<div class=\"elementor-icon-wrapper\">\n\t\t\t<div class=\"elementor-icon\">\n\t\t\t<i aria-hidden=\"true\" class=\"fas fa-code\"><\/i>\t\t\t<\/div>\n\t\t<\/div>\n\t\t\t\t<\/div>\n\t\t\t\t<\/div>\n\t\t\t\t<div class=\"elementor-element elementor-element-3f34ae7 elementor-widget elementor-widget-text-editor\" data-id=\"3f34ae7\" data-element_type=\"widget\" data-widget_type=\"text-editor.default\">\n\t\t\t\t<div class=\"elementor-widget-container\">\n\t\t\t\t\t\t\t<p>Wir entwickeln Apps f\u00fcr alle relevanten Plattformen und mit den jeweils am besten geeigneten Programmiersprachen und Architekturen.<\/p>\t\t\t\t\t\t<\/div>\n\t\t\t\t<\/div>\n\t\t\t\t\t<\/div>\n\t\t<\/div>\n\t\t\t\t<div class=\"elementor-column elementor-col-33 elementor-top-column elementor-element elementor-element-6f19614\" data-id=\"6f19614\" data-element_type=\"column\">\n\t\t\t<div class=\"elementor-widget-wrap elementor-element-populated\">\n\t\t\t\t\t\t<div class=\"elementor-element elementor-element-f16b6dc elementor-view-default elementor-widget elementor-widget-icon\" data-id=\"f16b6dc\" data-element_type=\"widget\" data-widget_type=\"icon.default\">\n\t\t\t\t<div class=\"elementor-widget-container\">\n\t\t\t\t\t<div class=\"elementor-icon-wrapper\">\n\t\t\t<div class=\"elementor-icon\">\n\t\t\t<i aria-hidden=\"true\" class=\"fas fa-comments\"><\/i>\t\t\t<\/div>\n\t\t<\/div>\n\t\t\t\t<\/div>\n\t\t\t\t<\/div>\n\t\t\t\t<div class=\"elementor-element elementor-element-8a0f1be elementor-widget elementor-widget-text-editor\" data-id=\"8a0f1be\" data-element_type=\"widget\" data-widget_type=\"text-editor.default\">\n\t\t\t\t<div class=\"elementor-widget-container\">\n\t\t\t\t\t\t\t<p>M\u00f6chten Sie mit uns die Entwicklung Ihrer App starten? Dann melden Sie sich noch heute bei uns und erz\u00e4hlen Sie, wie wir Ihnen helfen k\u00f6nnen!<\/p>\t\t\t\t\t\t<\/div>\n\t\t\t\t<\/div>\n\t\t\t\t\t<\/div>\n\t\t<\/div>\n\t\t\t\t\t<\/div>\n\t\t<\/section>\n\t\t\t\t<\/div>\n\t\t","protected":false},"excerpt":{"rendered":"<p>Wir sind ihr verl\u00e4sslicher Partner f\u00fcr individuelle softwarel\u00f6sungen. KONZEPTIONIERUNG Sie haben eine neue Anforderung &#8211; gemeinsam mit Ihnen machen wir uns an die Erarbeitung der L\u00f6sung. Wir erstellen f\u00fcr Sie ein ma\u00dfgeschneidertes Konzept und planen transparent den Entwicklungsprozess. PROGRAMMIERUNG Im Anschluss\u00a0 \u00fcbernehmen wir die vollst\u00e4ndige Umsetzung aus einer Hand. Profitieren Sie von unserer langj\u00e4hrigen Erfahrung &#8230; <a title=\"Home\" class=\"read-more\" href=\"https:\/\/tubeapps.net\/de\/\" aria-label=\"Mehr Informationen \u00fcber Home\">Read More<\/a><\/p>\n","protected":false},"author":1,"featured_media":0,"parent":0,"menu_order":1,"comment_status":"closed","ping_status":"closed","template":"","meta":{"footnotes":""},"class_list":["post-1356","page","type-page","status-publish"],"aioseo_notices":[],"_links":{"self":[{"href":"https:\/\/tubeapps.net\/de\/wp-json\/wp\/v2\/pages\/1356","targetHints":{"allow":["GET"]}}],"collection":[{"href":"https:\/\/tubeapps.net\/de\/wp-json\/wp\/v2\/pages"}],"about":[{"href":"https:\/\/tubeapps.net\/de\/wp-json\/wp\/v2\/types\/page"}],"author":[{"embeddable":true,"href":"https:\/\/tubeapps.net\/de\/wp-json\/wp\/v2\/users\/1"}],"replies":[{"embeddable":true,"href":"https:\/\/tubeapps.net\/de\/wp-json\/wp\/v2\/comments?post=1356"}],"version-history":[{"count":52,"href":"https:\/\/tubeapps.net\/de\/wp-json\/wp\/v2\/pages\/1356\/revisions"}],"predecessor-version":[{"id":2247,"href":"https:\/\/tubeapps.net\/de\/wp-json\/wp\/v2\/pages\/1356\/revisions\/2247"}],"wp:attachment":[{"href":"https:\/\/tubeapps.net\/de\/wp-json\/wp\/v2\/media?parent=1356"}],"curies":[{"name":"wp","href":"https:\/\/api.w.org\/{rel}","templated":true}]}}