{"id":1384,"date":"2020-02-23T23:01:25","date_gmt":"2020-02-23T22:01:25","guid":{"rendered":"https:\/\/tubeapps.net\/2019\/?page_id=1384"},"modified":"2022-02-23T16:40:58","modified_gmt":"2022-02-23T15:40:58","slug":"check-bcc","status":"publish","type":"page","link":"https:\/\/tubeapps.net\/de\/check-bcc\/","title":{"rendered":"Check-BCC"},"content":{"rendered":"\t\t<div data-elementor-type=\"wp-page\" data-elementor-id=\"1384\" class=\"elementor elementor-1384\">\n\t\t\t\t\t\t<section class=\"elementor-section elementor-top-section elementor-element elementor-element-78e09612 elementor-section-boxed elementor-section-height-default elementor-section-height-default\" data-id=\"78e09612\" data-element_type=\"section\">\n\t\t\t\t\t\t<div class=\"elementor-container elementor-column-gap-default\">\n\t\t\t\t\t<div class=\"elementor-column elementor-col-100 elementor-top-column elementor-element elementor-element-65258167\" data-id=\"65258167\" data-element_type=\"column\">\n\t\t\t<div class=\"elementor-widget-wrap elementor-element-populated\">\n\t\t\t\t\t\t<div class=\"elementor-element elementor-element-26d09c2 elementor-widget elementor-widget-text-editor\" data-id=\"26d09c2\" data-element_type=\"widget\" data-widget_type=\"text-editor.default\">\n\t\t\t\t<div class=\"elementor-widget-container\">\n\t\t\t\t\t\t\t<h2><strong><img fetchpriority=\"high\" decoding=\"async\" class=\"alignright size-medium wp-image-2377\" src=\"https:\/\/tubeapps.net\/wp-content\/uploads\/2021\/02\/Icon-CheckBCC-300x300.png\" alt=\"\" width=\"300\" height=\"300\" srcset=\"https:\/\/tubeapps.net\/wp-content\/uploads\/2021\/02\/Icon-CheckBCC-300x300.png 300w, https:\/\/tubeapps.net\/wp-content\/uploads\/2021\/02\/Icon-CheckBCC-150x150.png 150w, https:\/\/tubeapps.net\/wp-content\/uploads\/2021\/02\/Icon-CheckBCC.png 480w\" sizes=\"(max-width: 300px) 100vw, 300px\" \/>Sch\u00fctzen Sie sich und ihre Mailkontakte mit Check-BCC f\u00fcr Outlook<\/strong><\/h2>\n<p><strong>BCC<\/strong> ist eine <strong>Erweiterung f\u00fcr Outlook<\/strong>, die Sie vor dem versehentlichen Versand von E-Mails an eine Vielzahl von Empf\u00e4ngern offen sichtbar im AN- oder CC-Feld sch\u00fctzt. Typische F\u00e4lle sind zum Beispiel eine <b>E-Mail an eine Verteilerliste<\/b>, bei der man die Liste statt ins BCC-Feld ins CC-Feld gesetzt hat, oder ein versehentlicher Klick auf &#8222;Allen antworten&#8220;. Schnell hat man so die <strong>vollst\u00e4ndige eigene Kundenliste<\/strong> an alle Kunden \u00fcbermittelt oder wie im Bildschirmfoto <strong>vertrauliche Informationen<\/strong> verraten, was nicht nur unangenehm ist, sondern auch ein <b>Versto\u00df gegen die Regeln der DSGVO<\/b> (Datenschutz-Grundverordnung). In diesem Fall droht ein <a href=\"https:\/\/www.datenschutzbeauftragter-info.de\/bussgeld-fuer-offenen-e-mail-verteiler-mit-vielen-empfaengern\/\" target=\"_blank\" rel=\"noopener\">Bu\u00dfgeld der zust\u00e4ndigen Datenschutzbeh\u00f6rde<\/a>. Aber auch der Vertrauensverlust bei ver\u00e4rgerten Kunden, Mitgliedern oder sonstigen Kontakten stellt einen nicht zu vernachl\u00e4ssigen Schaden dar. <br><\/p>\n<h2><img decoding=\"async\" class=\"aligncenter wp-image-2220\" src=\"https:\/\/tubeapps.net\/wp-content\/uploads\/2020\/06\/Bild1.png\" alt=\"\" width=\"496\" height=\"216\" srcset=\"https:\/\/tubeapps.net\/wp-content\/uploads\/2020\/06\/Bild1.png 745w, https:\/\/tubeapps.net\/wp-content\/uploads\/2020\/06\/Bild1-300x131.png 300w\" sizes=\"(max-width: 496px) 100vw, 496px\" \/><\/h2>\n<h2>Check-BCC warnt Sie, bevor die Mail versendet wird.<\/h2>\n<p>Mit CheckBCC brauchen Sie sich dar\u00fcber keine Gedanken mehr zu machen. Immer, wenn Sie eine E-Mail absenden, wird CheckBCC aktiv und pr\u00fcft, wie viele offen sichtbare Empf\u00e4nger angegeben sind. \u00dcberschreitet deren Zahl einen von Ihnen festgelegten Grenzwert, fragt CheckBCC nach, ob die Empf\u00e4nger nicht besser in das BCC-Feld verschoben werden sollen. (Selbstverst\u00e4ndlich k\u00f6nnen Sie das auch ablehnen, wenn Sie tats\u00e4chlich einmal eine E-Mail offen an viele Empf\u00e4nger schicken m\u00f6chten.)<\/p>\n<div><img decoding=\"async\" class=\"aligncenter wp-image-2218\" src=\"https:\/\/tubeapps.net\/wp-content\/uploads\/2020\/06\/Bild2.png\" alt=\"Nachfragedialog von CheckBCC\" width=\"414\" height=\"164\" srcset=\"https:\/\/tubeapps.net\/wp-content\/uploads\/2020\/06\/Bild2.png 621w, https:\/\/tubeapps.net\/wp-content\/uploads\/2020\/06\/Bild2-300x119.png 300w\" sizes=\"(max-width: 414px) 100vw, 414px\" \/><\/div>\n<div>&nbsp;<\/div>\n<div>Das funktioniert nat\u00fcrlich nicht nur, wenn Sie wie im Beispiel einzelne Empf\u00e4nger angegeben haben, sondern auch, wenn Sie E-Mails an eine Verteilerliste senden.<\/div>\t\t\t\t\t\t<\/div>\n\t\t\t\t<\/div>\n\t\t\t\t\t<\/div>\n\t\t<\/div>\n\t\t\t\t\t<\/div>\n\t\t<\/section>\n\t\t\t\t<section class=\"elementor-section elementor-top-section elementor-element elementor-element-4a5a9ec elementor-section-boxed elementor-section-height-default elementor-section-height-default\" data-id=\"4a5a9ec\" data-element_type=\"section\">\n\t\t\t\t\t\t<div class=\"elementor-container elementor-column-gap-default\">\n\t\t\t\t\t<div class=\"elementor-column elementor-col-100 elementor-top-column elementor-element elementor-element-7cba3f5\" data-id=\"7cba3f5\" data-element_type=\"column\">\n\t\t\t<div class=\"elementor-widget-wrap elementor-element-populated\">\n\t\t\t\t\t\t<div class=\"elementor-element elementor-element-faa06d9 elementor-tabs-view-horizontal elementor-widget elementor-widget-tabs\" data-id=\"faa06d9\" data-element_type=\"widget\" data-widget_type=\"tabs.default\">\n\t\t\t\t<div class=\"elementor-widget-container\">\n\t\t\t\t\t<div class=\"elementor-tabs\">\n\t\t\t<div class=\"elementor-tabs-wrapper\" role=\"tablist\" >\n\t\t\t\t\t\t\t\t\t<div id=\"elementor-tab-title-2621\" class=\"elementor-tab-title elementor-tab-desktop-title\" aria-selected=\"true\" data-tab=\"1\" role=\"tab\" tabindex=\"0\" aria-controls=\"elementor-tab-content-2621\" aria-expanded=\"false\">Kompatibilit\u00e4t<\/div>\n\t\t\t\t\t\t\t\t\t<div id=\"elementor-tab-title-2622\" class=\"elementor-tab-title elementor-tab-desktop-title\" aria-selected=\"false\" data-tab=\"2\" role=\"tab\" tabindex=\"-1\" aria-controls=\"elementor-tab-content-2622\" aria-expanded=\"false\">Sprachen<\/div>\n\t\t\t\t\t\t\t<\/div>\n\t\t\t<div class=\"elementor-tabs-content-wrapper\" role=\"tablist\" aria-orientation=\"vertical\">\n\t\t\t\t\t\t\t\t\t<div class=\"elementor-tab-title elementor-tab-mobile-title\" aria-selected=\"true\" data-tab=\"1\" role=\"tab\" tabindex=\"0\" aria-controls=\"elementor-tab-content-2621\" aria-expanded=\"false\">Kompatibilit\u00e4t<\/div>\n\t\t\t\t\t<div id=\"elementor-tab-content-2621\" class=\"elementor-tab-content elementor-clearfix\" data-tab=\"1\" role=\"tabpanel\" aria-labelledby=\"elementor-tab-title-2621\" tabindex=\"0\" hidden=\"false\"><p>CheckBCC ist kompatibel mit Outlook f\u00fcr Windows ab Version 2010:<\/p>\n<ul>\n<li>Outlook 2010<\/li>\n<li>Outlook 2013<\/li>\n<li>Outlook 2016<\/li>\n<li>Outlook 2019<\/li><li>Outlook 2021<\/li>\n<li>Outlook 365<\/li>\n<\/ul>\n<p>Es funktioniert mit jedem in Outlook konfigurierten E-Mail-Konto, unabh\u00e4ngig davon, ob es sich um Exchange-, IMAP- oder POP-Konten handelt.<\/p><\/div>\n\t\t\t\t\t\t\t\t\t<div class=\"elementor-tab-title elementor-tab-mobile-title\" aria-selected=\"false\" data-tab=\"2\" role=\"tab\" tabindex=\"-1\" aria-controls=\"elementor-tab-content-2622\" aria-expanded=\"false\">Sprachen<\/div>\n\t\t\t\t\t<div id=\"elementor-tab-content-2622\" class=\"elementor-tab-content elementor-clearfix\" data-tab=\"2\" role=\"tabpanel\" aria-labelledby=\"elementor-tab-title-2622\" tabindex=\"0\" hidden=\"hidden\"><p>CheckBCC unterst\u00fctzt folgende Sprachen:<\/p><ul><li>Deutsch<\/li><li>Englisch<\/li><li>Franz\u00f6sisch<\/li><li>Spanisch<\/li><li>Russisch<\/li><li>Niederl\u00e4ndisch<\/li><li>Ukrainisch<\/li><\/ul><p>Das Installationsprogramm bieten wir auf Deutsch oder Englisch an.<\/p><\/div>\n\t\t\t\t\t\t\t<\/div>\n\t\t<\/div>\n\t\t\t\t<\/div>\n\t\t\t\t<\/div>\n\t\t\t\t\t<\/div>\n\t\t<\/div>\n\t\t\t\t\t<\/div>\n\t\t<\/section>\n\t\t\t\t<section class=\"elementor-section elementor-top-section elementor-element elementor-element-1d32ae4b elementor-section-boxed elementor-section-height-default elementor-section-height-default\" data-id=\"1d32ae4b\" data-element_type=\"section\">\n\t\t\t\t\t\t<div class=\"elementor-container elementor-column-gap-default\">\n\t\t\t\t\t<div class=\"elementor-column elementor-col-25 elementor-top-column elementor-element elementor-element-77af4a45\" data-id=\"77af4a45\" data-element_type=\"column\">\n\t\t\t<div class=\"elementor-widget-wrap elementor-element-populated\">\n\t\t\t\t\t\t<div class=\"elementor-element elementor-element-39221e52 elementor-view-default elementor-widget elementor-widget-icon\" data-id=\"39221e52\" data-element_type=\"widget\" data-widget_type=\"icon.default\">\n\t\t\t\t<div class=\"elementor-widget-container\">\n\t\t\t\t\t<div class=\"elementor-icon-wrapper\">\n\t\t\t<div class=\"elementor-icon\">\n\t\t\t<i aria-hidden=\"true\" class=\"fas fa-tag\"><\/i>\t\t\t<\/div>\n\t\t<\/div>\n\t\t\t\t<\/div>\n\t\t\t\t<\/div>\n\t\t\t\t\t<\/div>\n\t\t<\/div>\n\t\t\t\t<div class=\"elementor-column elementor-col-25 elementor-top-column elementor-element elementor-element-74fef50e\" data-id=\"74fef50e\" data-element_type=\"column\">\n\t\t\t<div class=\"elementor-widget-wrap elementor-element-populated\">\n\t\t\t\t\t\t<div class=\"elementor-element elementor-element-76c2d85c elementor-widget elementor-widget-text-editor\" data-id=\"76c2d85c\" data-element_type=\"widget\" data-widget_type=\"text-editor.default\">\n\t\t\t\t<div class=\"elementor-widget-container\">\n\t\t\t\t\t\t\t<p><strong>Preis pro Lizenz:<\/strong><br \/><strong>4,99 Euro<\/strong><\/p>\t\t\t\t\t\t<\/div>\n\t\t\t\t<\/div>\n\t\t\t\t\t<\/div>\n\t\t<\/div>\n\t\t\t\t<div class=\"elementor-column elementor-col-25 elementor-top-column elementor-element elementor-element-247b734a\" data-id=\"247b734a\" data-element_type=\"column\">\n\t\t\t<div class=\"elementor-widget-wrap elementor-element-populated\">\n\t\t\t\t\t\t<div class=\"elementor-element elementor-element-39a006ab elementor-view-default elementor-widget elementor-widget-icon\" data-id=\"39a006ab\" data-element_type=\"widget\" data-widget_type=\"icon.default\">\n\t\t\t\t<div class=\"elementor-widget-container\">\n\t\t\t\t\t<div class=\"elementor-icon-wrapper\">\n\t\t\t<div class=\"elementor-icon\">\n\t\t\t<i aria-hidden=\"true\" class=\"fas fa-tags\"><\/i>\t\t\t<\/div>\n\t\t<\/div>\n\t\t\t\t<\/div>\n\t\t\t\t<\/div>\n\t\t\t\t\t<\/div>\n\t\t<\/div>\n\t\t\t\t<div class=\"elementor-column elementor-col-25 elementor-top-column elementor-element elementor-element-33e18c70\" data-id=\"33e18c70\" data-element_type=\"column\">\n\t\t\t<div class=\"elementor-widget-wrap elementor-element-populated\">\n\t\t\t\t\t\t<div class=\"elementor-element elementor-element-a408ad5 elementor-widget elementor-widget-text-editor\" data-id=\"a408ad5\" data-element_type=\"widget\" data-widget_type=\"text-editor.default\">\n\t\t\t\t<div class=\"elementor-widget-container\">\n\t\t\t\t\t\t\t<p><strong>Sonderkonditionen<\/strong><br><strong>ab 10 Lizenzen auf Anfrage<br><\/strong><\/p>\t\t\t\t\t\t<\/div>\n\t\t\t\t<\/div>\n\t\t\t\t\t<\/div>\n\t\t<\/div>\n\t\t\t\t\t<\/div>\n\t\t<\/section>\n\t\t\t\t<section class=\"elementor-section elementor-top-section elementor-element elementor-element-e9cec1a elementor-section-boxed elementor-section-height-default elementor-section-height-default\" data-id=\"e9cec1a\" data-element_type=\"section\">\n\t\t\t\t\t\t<div class=\"elementor-container elementor-column-gap-default\">\n\t\t\t\t\t<div class=\"elementor-column elementor-col-100 elementor-top-column elementor-element elementor-element-07fe5f1\" data-id=\"07fe5f1\" data-element_type=\"column\">\n\t\t\t<div class=\"elementor-widget-wrap elementor-element-populated\">\n\t\t\t\t\t\t<div class=\"elementor-element elementor-element-d6c1490 elementor-widget elementor-widget-spacer\" data-id=\"d6c1490\" data-element_type=\"widget\" data-widget_type=\"spacer.default\">\n\t\t\t\t<div class=\"elementor-widget-container\">\n\t\t\t\t\t<div class=\"elementor-spacer\">\n\t\t\t<div class=\"elementor-spacer-inner\"><\/div>\n\t\t<\/div>\n\t\t\t\t<\/div>\n\t\t\t\t<\/div>\n\t\t\t\t\t<\/div>\n\t\t<\/div>\n\t\t\t\t\t<\/div>\n\t\t<\/section>\n\t\t\t\t<section class=\"elementor-section elementor-top-section elementor-element elementor-element-6e49c79 elementor-section-boxed elementor-section-height-default elementor-section-height-default\" data-id=\"6e49c79\" data-element_type=\"section\">\n\t\t\t\t\t\t<div class=\"elementor-container elementor-column-gap-default\">\n\t\t\t\t\t<div class=\"elementor-column elementor-col-100 elementor-top-column elementor-element elementor-element-6c9edfb\" data-id=\"6c9edfb\" data-element_type=\"column\">\n\t\t\t<div class=\"elementor-widget-wrap elementor-element-populated\">\n\t\t\t\t\t\t<div class=\"elementor-element elementor-element-ccd9593 elementor-widget elementor-widget-text-editor\" data-id=\"ccd9593\" data-element_type=\"widget\" data-widget_type=\"text-editor.default\">\n\t\t\t\t<div class=\"elementor-widget-container\">\n\t\t\t\t\t\t\t<p style=\"text-align: center;\">Haben wir Ihr Interesse geweckt? <br \/>Sichern Sie sich noch heute gegen unerw\u00fcnschten Versand an offene Verteilerlisten ab und bestellen Sie Ihre Lizenz f\u00fcr CheckBCC:<\/p><p style=\"text-align: center;\"><a class=\"button\" href=\"https:\/\/tubeapps.net\/de\/kaufen-checkbcc\/\">Ich m\u00f6chte eine Lizenz bestellen<\/a><\/p>\t\t\t\t\t\t<\/div>\n\t\t\t\t<\/div>\n\t\t\t\t<div class=\"elementor-element elementor-element-65dd850 elementor-widget elementor-widget-text-editor\" data-id=\"65dd850\" data-element_type=\"widget\" data-widget_type=\"text-editor.default\">\n\t\t\t\t<div class=\"elementor-widget-container\">\n\t\t\t\t\t\t\t<p style=\"text-align: center;\">M\u00f6chten Sie CheckBCC zuerst unverbindlich ausprobieren?<br>Die Shareware-Version beinhalten alle Funktionen, allerdings wird beim Starten von Outlook ein Wartedialog eingeblendet.<\/p>\n<p style=\"text-align: center;\"><a class=\"button\" href=\"https:\/\/download.tubeapps.net\/downloadcheckbcc\/language.php\">Kostenlose Shareware-Version herunterladen<\/a><\/p>\t\t\t\t\t\t<\/div>\n\t\t\t\t<\/div>\n\t\t\t\t\t<\/div>\n\t\t<\/div>\n\t\t\t\t\t<\/div>\n\t\t<\/section>\n\t\t\t\t<\/div>\n\t\t","protected":false},"excerpt":{"rendered":"<p>Sch\u00fctzen Sie sich und ihre Mailkontakte mit Check-BCC f\u00fcr Outlook BCC ist eine Erweiterung f\u00fcr Outlook, die Sie vor dem versehentlichen Versand von E-Mails an eine Vielzahl von Empf\u00e4ngern offen sichtbar im AN- oder CC-Feld sch\u00fctzt. Typische F\u00e4lle sind zum Beispiel eine E-Mail an eine Verteilerliste, bei der man die Liste statt ins BCC-Feld ins &#8230; <a title=\"Check-BCC\" class=\"read-more\" href=\"https:\/\/tubeapps.net\/de\/check-bcc\/\" aria-label=\"Mehr Informationen \u00fcber Check-BCC\">Read More<\/a><\/p>\n","protected":false},"author":1,"featured_media":2033,"parent":0,"menu_order":0,"comment_status":"closed","ping_status":"closed","template":"","meta":{"footnotes":""},"class_list":["post-1384","page","type-page","status-publish","has-post-thumbnail"],"aioseo_notices":[],"_links":{"self":[{"href":"https:\/\/tubeapps.net\/de\/wp-json\/wp\/v2\/pages\/1384","targetHints":{"allow":["GET"]}}],"collection":[{"href":"https:\/\/tubeapps.net\/de\/wp-json\/wp\/v2\/pages"}],"about":[{"href":"https:\/\/tubeapps.net\/de\/wp-json\/wp\/v2\/types\/page"}],"author":[{"embeddable":true,"href":"https:\/\/tubeapps.net\/de\/wp-json\/wp\/v2\/users\/1"}],"replies":[{"embeddable":true,"href":"https:\/\/tubeapps.net\/de\/wp-json\/wp\/v2\/comments?post=1384"}],"version-history":[{"count":70,"href":"https:\/\/tubeapps.net\/de\/wp-json\/wp\/v2\/pages\/1384\/revisions"}],"predecessor-version":[{"id":2566,"href":"https:\/\/tubeapps.net\/de\/wp-json\/wp\/v2\/pages\/1384\/revisions\/2566"}],"wp:featuredmedia":[{"embeddable":true,"href":"https:\/\/tubeapps.net\/de\/wp-json\/wp\/v2\/media\/2033"}],"wp:attachment":[{"href":"https:\/\/tubeapps.net\/de\/wp-json\/wp\/v2\/media?parent=1384"}],"curies":[{"name":"wp","href":"https:\/\/api.w.org\/{rel}","templated":true}]}}