{"id":1468,"date":"2020-02-29T10:35:00","date_gmt":"2020-02-29T09:35:00","guid":{"rendered":"https:\/\/tubeapps.net\/2019\/?page_id=1468"},"modified":"2021-02-17T19:53:54","modified_gmt":"2021-02-17T18:53:54","slug":"faq","status":"publish","type":"page","link":"https:\/\/tubeapps.net\/de\/faq\/","title":{"rendered":"H\u00e4ufige Fragen"},"content":{"rendered":"\n<h2 class=\"wp-block-heading\">CheckBCC<\/h2>\n\n\n\n<div class=\"hrf-faq-list\"><article class=\"hrf-entry\" id=\"hrf-entry-1466\">\n                      <h5 class=\"hrf-title close-faq\" data-content-id=\"hrf-content-1466\"><span><\/span>Mit welchen Outlook-Versionen ist CheckBCC kompatibel?<\/h5>\n                     <div class=\"hrf-content\" id=\"hrf-content-1466\">CheckBCC l\u00e4uft mit folgenden Versionen von Microsoft Outlook f\u00fcr Windows:\r\n<ul>\r\n \t<li>Outlook 2010<\/li>\r\n \t<li>Outlook 2013<\/li>\r\n \t<li>Outlook 2016<\/li>\r\n \t<li>Outlook 2019<\/li>\r\n \t<li>Outlook 2021<\/li>\r\n \t<li>Outlook 365<\/li>\r\n<\/ul><\/div>\n                  <\/article><article class=\"hrf-entry\" id=\"hrf-entry-1467\">\n                      <h5 class=\"hrf-title close-faq\" data-content-id=\"hrf-content-1467\"><span><\/span>Gibt es CheckBCC auch f\u00fcr andere Mail-Programme und Betriebssysteme?<\/h5>\n                     <div class=\"hrf-content\" id=\"hrf-content-1467\"><p>Derzeit ist CheckBCC nur als Plugin f\u00fcr Microsoft Outlook unter Windows verf\u00fcgbar. Bei entsprechender Nachfrage haben wir aber auch die Entwicklung von Plugins f\u00fcr weitere Anwendungen und Betriebssysteme in Planung.<\/p>\n<p>(Eine Unterst\u00fctzung von Outlook f\u00fcr macOS in Verbindung mit IMAP- oder POP-Servern ist leider grunds\u00e4tzlich technisch nicht m\u00f6glich, da Outlook unter macOS Add-Ins nur f\u00fcr Exchange-Konten unterst\u00fctzt.)<\/p>\n<\/div>\n                  <\/article><article class=\"hrf-entry\" id=\"hrf-entry-2024\">\n                      <h5 class=\"hrf-title close-faq\" data-content-id=\"hrf-content-2024\"><span><\/span>Mit welchen E-Mail-Anbietern funktioniert CheckBCC?<\/h5>\n                     <div class=\"hrf-content\" id=\"hrf-content-2024\"><p>CheckBCC arbeitet mit allen in Outlook eingerichteten E-Mail-Konten, unabh\u00e4ngig vom Anbieter und unabh\u00e4ngig davon, ob es sich um Exchange-, IMAP- oder POP-Konten handelt.<\/p>\n<\/div>\n                  <\/article><article style = \"display:block;text-align:right; font-size:11px\">Powered by <a href=\"https:\/\/websitebuilderguide.com\/wp-plugins\/html5-responsive-faq-plugin-for-wordpress\/\" target=\"_blank\">HTML5 Responsive FAQ<\/a><\/article><\/div><!-- HRF v 2.8.4 -->\n\n\n\n<hr class=\"wp-block-separator\"\/>\n\n\n\n<h2 class=\"wp-block-heading\">WIFI-TRANSPORTER<\/h2>\n\n\n<div class=\"hrf-faq-list\"><article class=\"hrf-entry\" id=\"hrf-entry-2382\">\n                      <h5 class=\"hrf-title close-faq\" data-content-id=\"hrf-content-2382\"><span><\/span>Welche Einschr\u00e4nkungen hat die Shareware-Version von WIFI-Transporter?<\/h5>\n                     <div class=\"hrf-content\" id=\"hrf-content-2382\"><p>Mit der Shareware-Version k\u00f6nnen Sie nur das erste WLAN-Profil in der Liste exportieren. Der Import von Daten ist uneingeschr\u00e4nkt m\u00f6glich.<\/p>\n<\/div>\n                  <\/article><article style = \"display:block;text-align:right; font-size:11px\">Powered by <a href=\"https:\/\/websitebuilderguide.com\/wp-plugins\/html5-responsive-faq-plugin-for-wordpress\/\" target=\"_blank\">HTML5 Responsive FAQ<\/a><\/article><\/div><!-- HRF v 2.8.4 -->\n\n\n\n<p><\/p>\n","protected":false},"excerpt":{"rendered":"<p>CheckBCC WIFI-TRANSPORTER<\/p>\n","protected":false},"author":1,"featured_media":2037,"parent":0,"menu_order":0,"comment_status":"closed","ping_status":"closed","template":"","meta":{"footnotes":""},"class_list":["post-1468","page","type-page","status-publish","has-post-thumbnail","hentry"],"aioseo_notices":[],"_links":{"self":[{"href":"https:\/\/tubeapps.net\/de\/wp-json\/wp\/v2\/pages\/1468","targetHints":{"allow":["GET"]}}],"collection":[{"href":"https:\/\/tubeapps.net\/de\/wp-json\/wp\/v2\/pages"}],"about":[{"href":"https:\/\/tubeapps.net\/de\/wp-json\/wp\/v2\/types\/page"}],"author":[{"embeddable":true,"href":"https:\/\/tubeapps.net\/de\/wp-json\/wp\/v2\/users\/1"}],"replies":[{"embeddable":true,"href":"https:\/\/tubeapps.net\/de\/wp-json\/wp\/v2\/comments?post=1468"}],"version-history":[{"count":5,"href":"https:\/\/tubeapps.net\/de\/wp-json\/wp\/v2\/pages\/1468\/revisions"}],"predecessor-version":[{"id":2388,"href":"https:\/\/tubeapps.net\/de\/wp-json\/wp\/v2\/pages\/1468\/revisions\/2388"}],"wp:featuredmedia":[{"embeddable":true,"href":"https:\/\/tubeapps.net\/de\/wp-json\/wp\/v2\/media\/2037"}],"wp:attachment":[{"href":"https:\/\/tubeapps.net\/de\/wp-json\/wp\/v2\/media?parent=1468"}],"curies":[{"name":"wp","href":"https:\/\/api.w.org\/{rel}","templated":true}]}}