{"id":1544,"date":"2020-03-01T11:07:47","date_gmt":"2020-03-01T10:07:47","guid":{"rendered":"https:\/\/tubeapps.net\/2019\/?page_id=1544"},"modified":"2020-06-29T15:25:04","modified_gmt":"2020-06-29T13:25:04","slug":"support","status":"publish","type":"page","link":"https:\/\/tubeapps.net\/de\/support\/","title":{"rendered":"Support"},"content":{"rendered":"\t\t<div data-elementor-type=\"wp-page\" data-elementor-id=\"1544\" class=\"elementor elementor-1544\">\n\t\t\t\t\t\t<section class=\"elementor-section elementor-top-section elementor-element elementor-element-2bd9594 elementor-section-boxed elementor-section-height-default elementor-section-height-default\" data-id=\"2bd9594\" data-element_type=\"section\">\n\t\t\t\t\t\t<div class=\"elementor-container elementor-column-gap-default\">\n\t\t\t\t\t<div class=\"elementor-column elementor-col-100 elementor-top-column elementor-element elementor-element-b129db1\" data-id=\"b129db1\" data-element_type=\"column\">\n\t\t\t<div class=\"elementor-widget-wrap elementor-element-populated\">\n\t\t\t\t\t\t<div class=\"elementor-element elementor-element-2c9c941 elementor-widget elementor-widget-text-editor\" data-id=\"2c9c941\" data-element_type=\"widget\" data-widget_type=\"text-editor.default\">\n\t\t\t\t<div class=\"elementor-widget-container\">\n\t\t\t\t\t\t\t<h2>Wir bieten verschiedene Supportoptionen f\u00fcr unsere Apps:<\/h2>\t\t\t\t\t\t<\/div>\n\t\t\t\t<\/div>\n\t\t\t\t\t<\/div>\n\t\t<\/div>\n\t\t\t\t\t<\/div>\n\t\t<\/section>\n\t\t\t\t<section class=\"elementor-section elementor-top-section elementor-element elementor-element-ebfcce6 elementor-section-boxed elementor-section-height-default elementor-section-height-default\" data-id=\"ebfcce6\" data-element_type=\"section\">\n\t\t\t\t\t\t<div class=\"elementor-container elementor-column-gap-wide\">\n\t\t\t\t\t<div class=\"elementor-column elementor-col-33 elementor-top-column elementor-element elementor-element-b1aa633\" data-id=\"b1aa633\" data-element_type=\"column\">\n\t\t\t<div class=\"elementor-widget-wrap elementor-element-populated\">\n\t\t\t\t\t\t<div class=\"elementor-element elementor-element-5c99863 elementor-view-default elementor-widget elementor-widget-icon\" data-id=\"5c99863\" data-element_type=\"widget\" data-widget_type=\"icon.default\">\n\t\t\t\t<div class=\"elementor-widget-container\">\n\t\t\t\t\t<div class=\"elementor-icon-wrapper\">\n\t\t\t<div class=\"elementor-icon\">\n\t\t\t<i aria-hidden=\"true\" class=\"fas fa-comments\"><\/i>\t\t\t<\/div>\n\t\t<\/div>\n\t\t\t\t<\/div>\n\t\t\t\t<\/div>\n\t\t\t\t<div class=\"elementor-element elementor-element-f29ed02 elementor-widget elementor-widget-text-editor\" data-id=\"f29ed02\" data-element_type=\"widget\" data-widget_type=\"text-editor.default\">\n\t\t\t\t<div class=\"elementor-widget-container\">\n\t\t\t\t\t\t\t<p>In unserem Forum helfen unsere Entwickler und die Community bei Fragen, Problemen und Anregungen.<\/p><p><a class=\"button\" href=\"\/de\/forum\/\">Zum Forum<\/a><\/p>\t\t\t\t\t\t<\/div>\n\t\t\t\t<\/div>\n\t\t\t\t\t<\/div>\n\t\t<\/div>\n\t\t\t\t<div class=\"elementor-column elementor-col-33 elementor-top-column elementor-element elementor-element-ee835e4\" data-id=\"ee835e4\" data-element_type=\"column\">\n\t\t\t<div class=\"elementor-widget-wrap elementor-element-populated\">\n\t\t\t\t\t\t<div class=\"elementor-element elementor-element-5d5d42a elementor-view-default elementor-widget elementor-widget-icon\" data-id=\"5d5d42a\" data-element_type=\"widget\" data-widget_type=\"icon.default\">\n\t\t\t\t<div class=\"elementor-widget-container\">\n\t\t\t\t\t<div class=\"elementor-icon-wrapper\">\n\t\t\t<div class=\"elementor-icon\">\n\t\t\t<i aria-hidden=\"true\" class=\"fas fa-question-circle\"><\/i>\t\t\t<\/div>\n\t\t<\/div>\n\t\t\t\t<\/div>\n\t\t\t\t<\/div>\n\t\t\t\t<div class=\"elementor-element elementor-element-438f119 elementor-widget elementor-widget-text-editor\" data-id=\"438f119\" data-element_type=\"widget\" data-widget_type=\"text-editor.default\">\n\t\t\t\t<div class=\"elementor-widget-container\">\n\t\t\t\t\t\t\t<p>Auf viele Fragen gibt es bereits Antworten. Schaut in unserer FAQ, ob Euer Problem dort schon gel\u00f6st ist.<\/p>\n<p><a class=\"button\" href=\"\/faq\/\">Zur FAQ<br \/><\/a><\/p>\n<p>&nbsp;<\/p>\t\t\t\t\t\t<\/div>\n\t\t\t\t<\/div>\n\t\t\t\t\t<\/div>\n\t\t<\/div>\n\t\t\t\t<div class=\"elementor-column elementor-col-33 elementor-top-column elementor-element elementor-element-6110557\" data-id=\"6110557\" data-element_type=\"column\">\n\t\t\t<div class=\"elementor-widget-wrap elementor-element-populated\">\n\t\t\t\t\t\t<div class=\"elementor-element elementor-element-7cd16d3 elementor-view-default elementor-widget elementor-widget-icon\" data-id=\"7cd16d3\" data-element_type=\"widget\" data-widget_type=\"icon.default\">\n\t\t\t\t<div class=\"elementor-widget-container\">\n\t\t\t\t\t<div class=\"elementor-icon-wrapper\">\n\t\t\t<div class=\"elementor-icon\">\n\t\t\t<i aria-hidden=\"true\" class=\"fas fa-paper-plane\"><\/i>\t\t\t<\/div>\n\t\t<\/div>\n\t\t\t\t<\/div>\n\t\t\t\t<\/div>\n\t\t\t\t<div class=\"elementor-element elementor-element-30af7b7 elementor-widget elementor-widget-text-editor\" data-id=\"30af7b7\" data-element_type=\"widget\" data-widget_type=\"text-editor.default\">\n\t\t\t\t<div class=\"elementor-widget-container\">\n\t\t\t\t\t\t\t<p>Es gibt ein spezielles Problem? \u00dcber die Supportanfrage besteht die M\u00f6glichkeit, direkte Unterst\u00fctzung zu erhalten.<br><\/p>\n<p><a class=\"button\" href=\"\/supportanfrage\/\">Supportanfrage<\/a><a href=\"\/faq\/\"><br><\/a><\/p>\t\t\t\t\t\t<\/div>\n\t\t\t\t<\/div>\n\t\t\t\t\t<\/div>\n\t\t<\/div>\n\t\t\t\t\t<\/div>\n\t\t<\/section>\n\t\t\t\t<\/div>\n\t\t","protected":false},"excerpt":{"rendered":"<p>Wir bieten verschiedene Supportoptionen f\u00fcr unsere Apps: In unserem Forum helfen unsere Entwickler und die Community bei Fragen, Problemen und Anregungen. Zum Forum Auf viele Fragen gibt es bereits Antworten. Schaut in unserer FAQ, ob Euer Problem dort schon gel\u00f6st ist. Zur FAQ &nbsp; Es gibt ein spezielles Problem? \u00dcber die Supportanfrage besteht die M\u00f6glichkeit, &#8230; <a title=\"Support\" class=\"read-more\" href=\"https:\/\/tubeapps.net\/de\/support\/\" aria-label=\"Mehr Informationen \u00fcber Support\">Read More<\/a><\/p>\n","protected":false},"author":1,"featured_media":2037,"parent":0,"menu_order":0,"comment_status":"closed","ping_status":"closed","template":"","meta":{"footnotes":""},"class_list":["post-1544","page","type-page","status-publish","has-post-thumbnail"],"aioseo_notices":[],"_links":{"self":[{"href":"https:\/\/tubeapps.net\/de\/wp-json\/wp\/v2\/pages\/1544","targetHints":{"allow":["GET"]}}],"collection":[{"href":"https:\/\/tubeapps.net\/de\/wp-json\/wp\/v2\/pages"}],"about":[{"href":"https:\/\/tubeapps.net\/de\/wp-json\/wp\/v2\/types\/page"}],"author":[{"embeddable":true,"href":"https:\/\/tubeapps.net\/de\/wp-json\/wp\/v2\/users\/1"}],"replies":[{"embeddable":true,"href":"https:\/\/tubeapps.net\/de\/wp-json\/wp\/v2\/comments?post=1544"}],"version-history":[{"count":14,"href":"https:\/\/tubeapps.net\/de\/wp-json\/wp\/v2\/pages\/1544\/revisions"}],"predecessor-version":[{"id":2265,"href":"https:\/\/tubeapps.net\/de\/wp-json\/wp\/v2\/pages\/1544\/revisions\/2265"}],"wp:featuredmedia":[{"embeddable":true,"href":"https:\/\/tubeapps.net\/de\/wp-json\/wp\/v2\/media\/2037"}],"wp:attachment":[{"href":"https:\/\/tubeapps.net\/de\/wp-json\/wp\/v2\/media?parent=1544"}],"curies":[{"name":"wp","href":"https:\/\/api.w.org\/{rel}","templated":true}]}}