{"id":1955,"date":"2020-04-30T21:05:52","date_gmt":"2020-04-30T19:05:52","guid":{"rendered":"https:\/\/tubeapps.net\/2019\/?page_id=1955"},"modified":"2020-04-30T21:13:05","modified_gmt":"2020-04-30T19:13:05","slug":"showmyip","status":"publish","type":"page","link":"https:\/\/tubeapps.net\/de\/showmyip\/","title":{"rendered":"Show My IP"},"content":{"rendered":"\t\t<div data-elementor-type=\"wp-page\" data-elementor-id=\"1955\" class=\"elementor elementor-1955\">\n\t\t\t\t\t\t<section class=\"elementor-section elementor-top-section elementor-element elementor-element-f989e2a elementor-section-boxed elementor-section-height-default elementor-section-height-default\" data-id=\"f989e2a\" data-element_type=\"section\">\n\t\t\t\t\t\t<div class=\"elementor-container elementor-column-gap-default\">\n\t\t\t\t\t<div class=\"elementor-column elementor-col-100 elementor-top-column elementor-element elementor-element-7840e19d\" data-id=\"7840e19d\" data-element_type=\"column\">\n\t\t\t<div class=\"elementor-widget-wrap elementor-element-populated\">\n\t\t\t\t\t\t<div class=\"elementor-element elementor-element-46a86692 elementor-widget elementor-widget-text-editor\" data-id=\"46a86692\" data-element_type=\"widget\" data-widget_type=\"text-editor.default\">\n\t\t\t\t<div class=\"elementor-widget-container\">\n\t\t\t\t\t\t\t<!-- wp:paragraph -->\n<p>Show My IP zeigt die lokalen und \u00f6ffentlichen IPv4- und IPv6-Adressen aller Ihrer Netzwerkschnittstellen an. Die IPs werden bei Netzwerk\u00e4nderungen automatisch aktualisiert. Sie k\u00f6nnen IP-Adressen jederzeit in die Zwischenablage kopieren.<\/p>\n<!-- \/wp:paragraph -->\t\t\t\t\t\t<\/div>\n\t\t\t\t<\/div>\n\t\t\t\t\t<\/div>\n\t\t<\/div>\n\t\t\t\t\t<\/div>\n\t\t<\/section>\n\t\t\t\t<section class=\"elementor-section elementor-top-section elementor-element elementor-element-0162d83 elementor-section-boxed elementor-section-height-default elementor-section-height-default\" data-id=\"0162d83\" data-element_type=\"section\">\n\t\t\t\t\t\t<div class=\"elementor-container elementor-column-gap-default\">\n\t\t\t\t\t<div class=\"elementor-column elementor-col-100 elementor-top-column elementor-element elementor-element-53f3a37\" data-id=\"53f3a37\" data-element_type=\"column\">\n\t\t\t<div class=\"elementor-widget-wrap elementor-element-populated\">\n\t\t\t\t\t\t<div class=\"elementor-element elementor-element-28d59a0 elementor-widget elementor-widget-image\" data-id=\"28d59a0\" data-element_type=\"widget\" data-widget_type=\"image.default\">\n\t\t\t\t<div class=\"elementor-widget-container\">\n\t\t\t\t\t\t\t\t\t\t<figure class=\"wp-caption\">\n\t\t\t\t\t\t\t\t\t\t<img fetchpriority=\"high\" decoding=\"async\" width=\"774\" height=\"422\" src=\"https:\/\/tubeapps.net\/wp-content\/uploads\/2020\/04\/Screenshot-ShowMyIP.png\" class=\"attachment-full size-full wp-image-1957\" alt=\"\" srcset=\"https:\/\/tubeapps.net\/wp-content\/uploads\/2020\/04\/Screenshot-ShowMyIP.png 774w, https:\/\/tubeapps.net\/wp-content\/uploads\/2020\/04\/Screenshot-ShowMyIP-300x164.png 300w, https:\/\/tubeapps.net\/wp-content\/uploads\/2020\/04\/Screenshot-ShowMyIP-768x419.png 768w\" sizes=\"(max-width: 774px) 100vw, 774px\" \/>\t\t\t\t\t\t\t\t\t\t\t<figcaption class=\"widget-image-caption wp-caption-text\">Screenshot von ShowMyIP<\/figcaption>\n\t\t\t\t\t\t\t\t\t\t<\/figure>\n\t\t\t\t\t\t\t<\/div>\n\t\t\t\t<\/div>\n\t\t\t\t\t<\/div>\n\t\t<\/div>\n\t\t\t\t\t<\/div>\n\t\t<\/section>\n\t\t\t\t<section class=\"elementor-section elementor-top-section elementor-element elementor-element-283a420 elementor-section-boxed elementor-section-height-default elementor-section-height-default\" data-id=\"283a420\" data-element_type=\"section\">\n\t\t\t\t\t\t<div class=\"elementor-container elementor-column-gap-default\">\n\t\t\t\t\t<div class=\"elementor-column elementor-col-100 elementor-top-column elementor-element elementor-element-c703e0f\" data-id=\"c703e0f\" data-element_type=\"column\">\n\t\t\t<div class=\"elementor-widget-wrap elementor-element-populated\">\n\t\t\t\t\t\t<div class=\"elementor-element elementor-element-cab4055 elementor-widget elementor-widget-testimonial\" data-id=\"cab4055\" data-element_type=\"widget\" data-widget_type=\"testimonial.default\">\n\t\t\t\t<div class=\"elementor-widget-container\">\n\t\t\t\t\t<div class=\"elementor-testimonial-wrapper\">\n\t\t\t\t\t\t\t<div class=\"elementor-testimonial-content\">A minimalistic and extremely lightweight application that you can use any time you need to find out the IP addresses of your computer quickly.<\/div>\n\t\t\t\n\t\t\t\t\t\t<div class=\"elementor-testimonial-meta elementor-has-image elementor-testimonial-image-position-aside\">\n\t\t\t\t<div class=\"elementor-testimonial-meta-inner\">\n\t\t\t\t\t\t\t\t\t\t\t<div class=\"elementor-testimonial-image\">\n\t\t\t\t\t\t\t<img decoding=\"async\" src=\"https:\/\/tubeapps.net\/wp-content\/plugins\/elementor\/assets\/images\/placeholder.png\" title=\"\" alt=\"\" loading=\"lazy\" \/>\t\t\t\t\t\t<\/div>\n\t\t\t\t\t\n\t\t\t\t\t\t\t\t\t\t<div class=\"elementor-testimonial-details\">\n\t\t\t\t\t\t\t\t\t\t\t\t\t\t<div class=\"elementor-testimonial-name\">Adrian Serban<\/div>\n\t\t\t\t\t\t\t\t\t\t\t\t\t\t\t\t\t\t\t\t\t\t<div class=\"elementor-testimonial-job\">Softpedia Review<\/div>\n\t\t\t\t\t\t\t\t\t\t\t\t\t<\/div>\n\t\t\t\t\t\t\t\t\t<\/div>\n\t\t\t<\/div>\n\t\t\t\t\t<\/div>\n\t\t\t\t<\/div>\n\t\t\t\t<\/div>\n\t\t\t\t\t<\/div>\n\t\t<\/div>\n\t\t\t\t\t<\/div>\n\t\t<\/section>\n\t\t\t\t<section class=\"elementor-section elementor-top-section elementor-element elementor-element-a27eb46 elementor-section-boxed elementor-section-height-default elementor-section-height-default\" data-id=\"a27eb46\" data-element_type=\"section\">\n\t\t\t\t\t\t<div class=\"elementor-container elementor-column-gap-default\">\n\t\t\t\t\t<div class=\"elementor-column elementor-col-100 elementor-top-column elementor-element elementor-element-a544bed\" data-id=\"a544bed\" data-element_type=\"column\">\n\t\t\t<div class=\"elementor-widget-wrap elementor-element-populated\">\n\t\t\t\t\t\t<div class=\"elementor-element elementor-element-351825a elementor-widget elementor-widget-text-editor\" data-id=\"351825a\" data-element_type=\"widget\" data-widget_type=\"text-editor.default\">\n\t\t\t\t<div class=\"elementor-widget-container\">\n\t\t\t\t\t\t\t<p style=\"text-align: center;\"><a class=\"button\" href=\"https:\/\/download.tubeapps.net\/showmyip\/setup.exe\">Download<\/a><\/p>\t\t\t\t\t\t<\/div>\n\t\t\t\t<\/div>\n\t\t\t\t\t<\/div>\n\t\t<\/div>\n\t\t\t\t\t<\/div>\n\t\t<\/section>\n\t\t\t\t<\/div>\n\t\t","protected":false},"excerpt":{"rendered":"<p>Show My IP zeigt die lokalen und \u00f6ffentlichen IPv4- und IPv6-Adressen aller Ihrer Netzwerkschnittstellen an. Die IPs werden bei Netzwerk\u00e4nderungen automatisch aktualisiert. Sie k\u00f6nnen IP-Adressen jederzeit in die Zwischenablage kopieren. Screenshot von ShowMyIP A minimalistic and extremely lightweight application that you can use any time you need to find out the IP addresses of your &#8230; <a title=\"Show My IP\" class=\"read-more\" href=\"https:\/\/tubeapps.net\/de\/showmyip\/\" aria-label=\"Mehr Informationen \u00fcber Show My IP\">Read More<\/a><\/p>\n","protected":false},"author":1,"featured_media":0,"parent":0,"menu_order":0,"comment_status":"closed","ping_status":"closed","template":"","meta":{"footnotes":""},"class_list":["post-1955","page","type-page","status-publish"],"aioseo_notices":[],"_links":{"self":[{"href":"https:\/\/tubeapps.net\/de\/wp-json\/wp\/v2\/pages\/1955","targetHints":{"allow":["GET"]}}],"collection":[{"href":"https:\/\/tubeapps.net\/de\/wp-json\/wp\/v2\/pages"}],"about":[{"href":"https:\/\/tubeapps.net\/de\/wp-json\/wp\/v2\/types\/page"}],"author":[{"embeddable":true,"href":"https:\/\/tubeapps.net\/de\/wp-json\/wp\/v2\/users\/1"}],"replies":[{"embeddable":true,"href":"https:\/\/tubeapps.net\/de\/wp-json\/wp\/v2\/comments?post=1955"}],"version-history":[{"count":4,"href":"https:\/\/tubeapps.net\/de\/wp-json\/wp\/v2\/pages\/1955\/revisions"}],"predecessor-version":[{"id":1966,"href":"https:\/\/tubeapps.net\/de\/wp-json\/wp\/v2\/pages\/1955\/revisions\/1966"}],"wp:attachment":[{"href":"https:\/\/tubeapps.net\/de\/wp-json\/wp\/v2\/media?parent=1955"}],"curies":[{"name":"wp","href":"https:\/\/api.w.org\/{rel}","templated":true}]}}