{"id":2276,"date":"2021-02-14T17:43:23","date_gmt":"2021-02-14T16:43:23","guid":{"rendered":"https:\/\/tubeapps.net\/?page_id=2276"},"modified":"2022-04-01T17:12:07","modified_gmt":"2022-04-01T15:12:07","slug":"wifi-transporter","status":"publish","type":"page","link":"https:\/\/tubeapps.net\/de\/wifi-transporter\/","title":{"rendered":"WIFI-Transporter"},"content":{"rendered":"\t\t<div data-elementor-type=\"wp-page\" data-elementor-id=\"2276\" class=\"elementor elementor-2276\">\n\t\t\t\t\t\t<section class=\"elementor-section elementor-top-section elementor-element elementor-element-2d2db1e7 elementor-section-boxed elementor-section-height-default elementor-section-height-default\" data-id=\"2d2db1e7\" data-element_type=\"section\">\n\t\t\t\t\t\t<div class=\"elementor-container elementor-column-gap-default\">\n\t\t\t\t\t<div class=\"elementor-column elementor-col-100 elementor-top-column elementor-element elementor-element-3f5a3a94\" data-id=\"3f5a3a94\" data-element_type=\"column\">\n\t\t\t<div class=\"elementor-widget-wrap elementor-element-populated\">\n\t\t\t\t\t\t<div class=\"elementor-element elementor-element-383ded79 elementor-widget elementor-widget-text-editor\" data-id=\"383ded79\" data-element_type=\"widget\" data-widget_type=\"text-editor.default\">\n\t\t\t\t<div class=\"elementor-widget-container\">\n\t\t\t\t\t\t\t<h2><img decoding=\"async\" class=\"alignright wp-image-2339 size-full\" src=\"https:\/\/tubeapps.net\/wp-content\/uploads\/2021\/02\/WIFI-Transporter-Logo-256.png\" alt=\"\" width=\"256\" height=\"180\">Mit dem WIFI-Transporter ist das \u00dcberspielen<br>von WLAN-Zugangsdaten ein Kinderspiel!<\/h2>\n<p>Sie haben sich ein neues Notebook gekauft und m\u00f6chten die WLAN-Zugangsdaten, die Sie \u00fcber Jahre auf Ihrem bisherigen Ger\u00e4t gesammelt haben, auch auf Ihr neues Notebook \u00fcbernehmen?<\/p>\n<p>Sie m\u00fcssen auf einer Vielzahl von Computern WLAN-Zugangsdaten einrichten und m\u00f6chten dies nicht jeweils manuell machen?<\/p>\n<p>Mit dem WIFI-Transporter ist dies alles kein Problem. W\u00e4hlen Sie die WLAN-Zugangsdaten, die Sie exportieren m\u00f6chten, per Klick einzeln aus, oder exportieren Sie die gesamte Liste mit einem Klick. Die Daten werden verschl\u00fcsselt gespeichert. Auf dem Zielger\u00e4t k\u00f6nnen die Daten mit der gleichen Anwendung eingelesen und im System installiert werden.<\/p>\t\t\t\t\t\t<\/div>\n\t\t\t\t<\/div>\n\t\t\t\t\t<\/div>\n\t\t<\/div>\n\t\t\t\t\t<\/div>\n\t\t<\/section>\n\t\t\t\t<section class=\"elementor-section elementor-top-section elementor-element elementor-element-d248b60 elementor-section-boxed elementor-section-height-default elementor-section-height-default\" data-id=\"d248b60\" data-element_type=\"section\">\n\t\t\t\t\t\t<div class=\"elementor-container elementor-column-gap-default\">\n\t\t\t\t\t<div class=\"elementor-column elementor-col-100 elementor-top-column elementor-element elementor-element-2ce7275\" data-id=\"2ce7275\" data-element_type=\"column\">\n\t\t\t<div class=\"elementor-widget-wrap elementor-element-populated\">\n\t\t\t\t\t\t<div class=\"elementor-element elementor-element-5957826 elementor-tabs-view-horizontal elementor-widget elementor-widget-tabs\" data-id=\"5957826\" data-element_type=\"widget\" data-widget_type=\"tabs.default\">\n\t\t\t\t<div class=\"elementor-widget-container\">\n\t\t\t\t\t<div class=\"elementor-tabs\">\n\t\t\t<div class=\"elementor-tabs-wrapper\" role=\"tablist\" >\n\t\t\t\t\t\t\t\t\t<div id=\"elementor-tab-title-9361\" class=\"elementor-tab-title elementor-tab-desktop-title\" aria-selected=\"true\" data-tab=\"1\" role=\"tab\" tabindex=\"0\" aria-controls=\"elementor-tab-content-9361\" aria-expanded=\"false\">Funktionen<\/div>\n\t\t\t\t\t\t\t\t\t<div id=\"elementor-tab-title-9362\" class=\"elementor-tab-title elementor-tab-desktop-title\" aria-selected=\"false\" data-tab=\"2\" role=\"tab\" tabindex=\"-1\" aria-controls=\"elementor-tab-content-9362\" aria-expanded=\"false\">Kompatibilit\u00e4t<\/div>\n\t\t\t\t\t\t\t\t\t<div id=\"elementor-tab-title-9363\" class=\"elementor-tab-title elementor-tab-desktop-title\" aria-selected=\"false\" data-tab=\"3\" role=\"tab\" tabindex=\"-1\" aria-controls=\"elementor-tab-content-9363\" aria-expanded=\"false\">Sprachen<\/div>\n\t\t\t\t\t\t\t<\/div>\n\t\t\t<div class=\"elementor-tabs-content-wrapper\" role=\"tablist\" aria-orientation=\"vertical\">\n\t\t\t\t\t\t\t\t\t<div class=\"elementor-tab-title elementor-tab-mobile-title\" aria-selected=\"true\" data-tab=\"1\" role=\"tab\" tabindex=\"0\" aria-controls=\"elementor-tab-content-9361\" aria-expanded=\"false\">Funktionen<\/div>\n\t\t\t\t\t<div id=\"elementor-tab-content-9361\" class=\"elementor-tab-content elementor-clearfix\" data-tab=\"1\" role=\"tabpanel\" aria-labelledby=\"elementor-tab-title-9361\" tabindex=\"0\" hidden=\"false\"><ul>\n<li>WIFI-Transporter exportiert alle oder einzelne WLAN-Zugangsdaten aus den in Windows 10 und 11 gespeicherten Einstellungen.<\/li>\n<li>Die Daten werden verschl\u00fcsselt in einer Datei gespeichert.<\/li>\n<li>Importieren Sie alle oder einzelne der vorher exportieren Zugangsdaten auf dem Ziel-Rechner.<\/li>\n<li>Eine Installation ist nicht erforderlich. Sie k\u00f6nnen den WIFI-Transporter auch direkt von einem USB-Stick oder aus dem Download-Ordner heraus starten.<\/li>\n<li>Sie m\u00f6chten zun\u00e4chst ausprobieren, ob der WIFI-Transporter funktioniert? Wir bieten zum Test eine kostenfreie Shareware-Version an.<\/li>\n<\/ul><\/div>\n\t\t\t\t\t\t\t\t\t<div class=\"elementor-tab-title elementor-tab-mobile-title\" aria-selected=\"false\" data-tab=\"2\" role=\"tab\" tabindex=\"-1\" aria-controls=\"elementor-tab-content-9362\" aria-expanded=\"false\">Kompatibilit\u00e4t<\/div>\n\t\t\t\t\t<div id=\"elementor-tab-content-9362\" class=\"elementor-tab-content elementor-clearfix\" data-tab=\"2\" role=\"tabpanel\" aria-labelledby=\"elementor-tab-title-9362\" tabindex=\"0\" hidden=\"hidden\"><p>WIFI-Transporter funktioniert mit allen Versionen von Microsoft Windows 10 und 11.<\/p><\/div>\n\t\t\t\t\t\t\t\t\t<div class=\"elementor-tab-title elementor-tab-mobile-title\" aria-selected=\"false\" data-tab=\"3\" role=\"tab\" tabindex=\"-1\" aria-controls=\"elementor-tab-content-9363\" aria-expanded=\"false\">Sprachen<\/div>\n\t\t\t\t\t<div id=\"elementor-tab-content-9363\" class=\"elementor-tab-content elementor-clearfix\" data-tab=\"3\" role=\"tabpanel\" aria-labelledby=\"elementor-tab-title-9363\" tabindex=\"0\" hidden=\"hidden\"><p>WIFI-Transporter unterst\u00fctzt folgende Sprachen:<\/p>\n<ul>\n<li>Englisch<\/li>\n<\/ul><\/div>\n\t\t\t\t\t\t\t<\/div>\n\t\t<\/div>\n\t\t\t\t<\/div>\n\t\t\t\t<\/div>\n\t\t\t\t\t<\/div>\n\t\t<\/div>\n\t\t\t\t\t<\/div>\n\t\t<\/section>\n\t\t\t\t<section class=\"elementor-section elementor-top-section elementor-element elementor-element-d4526b0 elementor-section-boxed elementor-section-height-default elementor-section-height-default\" data-id=\"d4526b0\" data-element_type=\"section\">\n\t\t\t\t\t\t<div class=\"elementor-container elementor-column-gap-default\">\n\t\t\t\t\t<div class=\"elementor-column elementor-col-100 elementor-top-column elementor-element elementor-element-c54b13e\" data-id=\"c54b13e\" data-element_type=\"column\">\n\t\t\t<div class=\"elementor-widget-wrap elementor-element-populated\">\n\t\t\t\t\t\t<div class=\"elementor-element elementor-element-e70c982 elementor-align-center elementor-icon-list--layout-traditional elementor-list-item-link-full_width elementor-widget elementor-widget-icon-list\" data-id=\"e70c982\" data-element_type=\"widget\" data-widget_type=\"icon-list.default\">\n\t\t\t\t<div class=\"elementor-widget-container\">\n\t\t\t\t\t<ul class=\"elementor-icon-list-items\">\n\t\t\t\t\t\t\t<li class=\"elementor-icon-list-item\">\n\t\t\t\t\t\t\t\t\t\t\t<span class=\"elementor-icon-list-icon\">\n\t\t\t\t\t\t\t<i aria-hidden=\"true\" class=\"fas fa-tag\"><\/i>\t\t\t\t\t\t<\/span>\n\t\t\t\t\t\t\t\t\t\t<span class=\"elementor-icon-list-text\"><strong>Preis pro Lizenz:<\/strong><br><strong>\u20ac 2,99<\/strong><\/span>\n\t\t\t\t\t\t\t\t\t<\/li>\n\t\t\t\t\t\t<\/ul>\n\t\t\t\t<\/div>\n\t\t\t\t<\/div>\n\t\t\t\t\t<\/div>\n\t\t<\/div>\n\t\t\t\t\t<\/div>\n\t\t<\/section>\n\t\t\t\t<section class=\"elementor-section elementor-top-section elementor-element elementor-element-ac3c667 elementor-section-boxed elementor-section-height-default elementor-section-height-default\" data-id=\"ac3c667\" data-element_type=\"section\">\n\t\t\t\t\t\t<div class=\"elementor-container elementor-column-gap-default\">\n\t\t\t\t\t<div class=\"elementor-column elementor-col-100 elementor-top-column elementor-element elementor-element-1bb4152\" data-id=\"1bb4152\" data-element_type=\"column\">\n\t\t\t<div class=\"elementor-widget-wrap elementor-element-populated\">\n\t\t\t\t\t\t<div class=\"elementor-element elementor-element-aca59d9 elementor-widget elementor-widget-text-editor\" data-id=\"aca59d9\" data-element_type=\"widget\" data-widget_type=\"text-editor.default\">\n\t\t\t\t<div class=\"elementor-widget-container\">\n\t\t\t\t\t\t\t<p style=\"text-align: center;\">Haben wir Ihr Interesse geweckt?<\/p>\n<p style=\"text-align: center;\"><a class=\"button\" href=\"https:\/\/tubeapps.net\/de\/kaufen-wifitransporter\/\">Ich m\u00f6chte eine Lizenz bestellen<\/a><\/p>\n<p style=\"text-align: center;\">Sie m\u00f6chten WIFI-Transporter zun\u00e4chst unverbindlich ausprobieren?<\/p>\n<p style=\"text-align: center;\"><a class=\"button\" href=\"https:\/\/download.tubeapps.net\/wifitransporter\/WifiTransporter.exe\">Download als Shareware<\/a><\/p>\t\t\t\t\t\t<\/div>\n\t\t\t\t<\/div>\n\t\t\t\t\t<\/div>\n\t\t<\/div>\n\t\t\t\t\t<\/div>\n\t\t<\/section>\n\t\t\t\t<\/div>\n\t\t","protected":false},"excerpt":{"rendered":"<p>Mit dem WIFI-Transporter ist das \u00dcberspielenvon WLAN-Zugangsdaten ein Kinderspiel! Sie haben sich ein neues Notebook gekauft und m\u00f6chten die WLAN-Zugangsdaten, die Sie \u00fcber Jahre auf Ihrem bisherigen Ger\u00e4t gesammelt haben, auch auf Ihr neues Notebook \u00fcbernehmen? Sie m\u00fcssen auf einer Vielzahl von Computern WLAN-Zugangsdaten einrichten und m\u00f6chten dies nicht jeweils manuell machen? Mit dem WIFI-Transporter &#8230; <a title=\"WIFI-Transporter\" class=\"read-more\" href=\"https:\/\/tubeapps.net\/de\/wifi-transporter\/\" aria-label=\"Mehr Informationen \u00fcber WIFI-Transporter\">Read More<\/a><\/p>\n","protected":false},"author":1,"featured_media":0,"parent":0,"menu_order":0,"comment_status":"closed","ping_status":"closed","template":"","meta":{"footnotes":""},"class_list":["post-2276","page","type-page","status-publish"],"aioseo_notices":[],"_links":{"self":[{"href":"https:\/\/tubeapps.net\/de\/wp-json\/wp\/v2\/pages\/2276","targetHints":{"allow":["GET"]}}],"collection":[{"href":"https:\/\/tubeapps.net\/de\/wp-json\/wp\/v2\/pages"}],"about":[{"href":"https:\/\/tubeapps.net\/de\/wp-json\/wp\/v2\/types\/page"}],"author":[{"embeddable":true,"href":"https:\/\/tubeapps.net\/de\/wp-json\/wp\/v2\/users\/1"}],"replies":[{"embeddable":true,"href":"https:\/\/tubeapps.net\/de\/wp-json\/wp\/v2\/comments?post=2276"}],"version-history":[{"count":52,"href":"https:\/\/tubeapps.net\/de\/wp-json\/wp\/v2\/pages\/2276\/revisions"}],"predecessor-version":[{"id":2577,"href":"https:\/\/tubeapps.net\/de\/wp-json\/wp\/v2\/pages\/2276\/revisions\/2577"}],"wp:attachment":[{"href":"https:\/\/tubeapps.net\/de\/wp-json\/wp\/v2\/media?parent=2276"}],"curies":[{"name":"wp","href":"https:\/\/api.w.org\/{rel}","templated":true}]}}