{"id":278,"date":"2019-05-19T19:04:35","date_gmt":"2019-05-19T17:04:35","guid":{"rendered":"https:\/\/tubeapps.net\/2019\/?page_id=278"},"modified":"2020-05-03T12:58:24","modified_gmt":"2020-05-03T10:58:24","slug":"impressum","status":"publish","type":"page","link":"https:\/\/tubeapps.net\/de\/impressum\/","title":{"rendered":"Impressum"},"content":{"rendered":"<p><strong>Angaben gem\u00e4\u00df \u00a7 5 TMG<\/strong><\/p>\n<p>Tube Apps UG (haftungsbeschr\u00e4nkt)<br \/>\nHamburger Kamp 13<br \/>\n24306 Pl\u00f6n<\/p>\n<p>Mail:&nbsp;<a href=\"mailto:info@tubeapps.net\">info@tubeapps.net<\/a><br \/>\nTel.: 04522-789330<\/p>\n<p><strong>Gesch\u00e4ftsf\u00fchrender Gesellschafter (vertretungsberechtigt)<\/strong><br \/>\nAndr\u00e9 Jagusch<\/p>\n<p><strong>Handelsregistereintrag<br \/>\n<\/strong>Amtsgericht Kiel, HRB 14379 KI<\/p>\n<p><strong>Umsatzsteuer-Identifikationsnummer gem\u00e4\u00df \u00a7 27a UStG<br \/>\n<\/strong>DE 286121700<\/p>\n<p><strong>Plattform der EU-Kommission zur Online-Streitbeilegung<br \/>\n<\/strong>Die Europ\u00e4ische Kommission stellt eine Plattform zur Online-Streitbeilegung (OS) bereit:<br \/>\n<a href=\"https:\/\/ec.europa.eu\/consumers\/odr\/\">ec.europa.eu\/consumers\/odr\/<\/a><\/p>\n<p><strong>Bildnachweise<\/strong><br \/>\nIcon auf der Startseite:&nbsp;<a href=\"https:\/\/www.flaticon.com\/authors\/freepik\">Freepik<\/a>&nbsp;von&nbsp;<a href=\"https:\/\/www.flaticon.com\/\">www.flaticon.com<\/a><\/p>\n","protected":false},"excerpt":{"rendered":"<p>Angaben gem\u00e4\u00df \u00a7 5 TMG Tube Apps UG (haftungsbeschr\u00e4nkt) Hamburger Kamp 13 24306 Pl\u00f6n Mail:&nbsp;info@tubeapps.net Tel.: 04522-789330 Gesch\u00e4ftsf\u00fchrender Gesellschafter (vertretungsberechtigt) Andr\u00e9 Jagusch Handelsregistereintrag Amtsgericht Kiel, HRB 14379 KI Umsatzsteuer-Identifikationsnummer gem\u00e4\u00df \u00a7 27a UStG DE 286121700 Plattform der EU-Kommission zur Online-Streitbeilegung Die Europ\u00e4ische Kommission stellt eine Plattform zur Online-Streitbeilegung (OS) bereit: ec.europa.eu\/consumers\/odr\/ Bildnachweise Icon auf der &#8230; <a title=\"Impressum\" class=\"read-more\" href=\"https:\/\/tubeapps.net\/de\/impressum\/\" aria-label=\"Mehr Informationen \u00fcber Impressum\">Read More<\/a><\/p>\n","protected":false},"author":1,"featured_media":2055,"parent":0,"menu_order":0,"comment_status":"closed","ping_status":"closed","template":"","meta":{"footnotes":""},"class_list":["post-278","page","type-page","status-publish","has-post-thumbnail"],"aioseo_notices":[],"_links":{"self":[{"href":"https:\/\/tubeapps.net\/de\/wp-json\/wp\/v2\/pages\/278","targetHints":{"allow":["GET"]}}],"collection":[{"href":"https:\/\/tubeapps.net\/de\/wp-json\/wp\/v2\/pages"}],"about":[{"href":"https:\/\/tubeapps.net\/de\/wp-json\/wp\/v2\/types\/page"}],"author":[{"embeddable":true,"href":"https:\/\/tubeapps.net\/de\/wp-json\/wp\/v2\/users\/1"}],"replies":[{"embeddable":true,"href":"https:\/\/tubeapps.net\/de\/wp-json\/wp\/v2\/comments?post=278"}],"version-history":[{"count":12,"href":"https:\/\/tubeapps.net\/de\/wp-json\/wp\/v2\/pages\/278\/revisions"}],"predecessor-version":[{"id":1901,"href":"https:\/\/tubeapps.net\/de\/wp-json\/wp\/v2\/pages\/278\/revisions\/1901"}],"wp:featuredmedia":[{"embeddable":true,"href":"https:\/\/tubeapps.net\/de\/wp-json\/wp\/v2\/media\/2055"}],"wp:attachment":[{"href":"https:\/\/tubeapps.net\/de\/wp-json\/wp\/v2\/media?parent=278"}],"curies":[{"name":"wp","href":"https:\/\/api.w.org\/{rel}","templated":true}]}}